{"id":9,"date":"2023-09-25T11:40:43","date_gmt":"2023-09-25T11:40:43","guid":{"rendered":"https:\/\/www.dehoudtfabriek.nl\/?page_id=9"},"modified":"2024-06-13T11:54:26","modified_gmt":"2024-06-13T11:54:26","slug":"home","status":"publish","type":"page","link":"https:\/\/www.dehoudtfabriek.nl\/","title":{"rendered":"Home"},"content":{"rendered":"<p><div class=\"fusion-fullwidth fullwidth-box fusion-builder-row-1 fusion-flex-container has-pattern-background has-mask-background fusion-parallax-none nonhundred-percent-fullwidth non-hundred-percent-height-scrolling\" style=\"--awb-border-radius-top-left:0px;--awb-border-radius-top-right:0px;--awb-border-radius-bottom-right:0px;--awb-border-radius-bottom-left:0px;--awb-padding-top:397px;--awb-padding-bottom:0px;--awb-margin-top:0px;--awb-margin-bottom:0px;--awb-background-image:url(&quot;https:\/\/www.dehoudtfabriek.nl\/wp-content\/uploads\/2024\/06\/1_DeHoudtFabriek.webp&quot;);--awb-background-size:cover;--awb-flex-wrap:wrap;\" ><div class=\"fusion-builder-row fusion-row fusion-flex-align-items-flex-start fusion-flex-content-wrap\" style=\"max-width:1248px;margin-left: calc(-4% \/ 2 );margin-right: calc(-4% \/ 2 );\"><div class=\"fusion-layout-column fusion_builder_column fusion-builder-column-0 fusion_builder_column_1_1 1_1 fusion-flex-column\" style=\"--awb-bg-size:cover;--awb-width-large:100%;--awb-margin-top-large:0px;--awb-spacing-right-large:1.92%;--awb-margin-bottom-large:0px;--awb-spacing-left-large:1.92%;--awb-width-medium:100%;--awb-order-medium:0;--awb-spacing-right-medium:1.92%;--awb-spacing-left-medium:1.92%;--awb-width-small:100%;--awb-order-small:0;--awb-spacing-right-small:1.92%;--awb-spacing-left-small:1.92%;\"><div class=\"fusion-column-wrapper fusion-column-has-shadow fusion-flex-justify-content-flex-start fusion-content-layout-column\"><div class=\"fusion-section-separator section-separator slant fusion-section-separator-1\" style=\"--awb-spacer-height:99px;--awb-svg-margin-left:1.92%;--awb-svg-margin-right:1.92%;--awb-svg-margin-left-medium:1.92%;--awb-svg-margin-right-medium:1.92%;--awb-svg-margin-left-small:1.92%;--awb-svg-margin-right-small:1.92%;--awb-divider-height:99px;--awb-spacer-padding-top:inherit;--awb-sep-padding:0;--awb-svg-padding:0;--awb-svg-tag-margin-bottom:-3px;--awb-sep-svg-display:block;\"><div class=\"fusion-section-separator-svg\"><svg class=\"fusion-slant-candy\" xmlns=\"http:\/\/www.w3.org\/2000\/svg\" version=\"1.1\" width=\"100%\" height=\"100\" viewBox=\"0 0 100 100\" preserveAspectRatio=\"none\" fill=\"rgba(214,183,32,1)\"><path d=\"M0 0 L0 100 L100 100 Z\"><\/path><\/svg><\/div><div class=\"fusion-section-separator-spacer\"><div class=\"fusion-section-separator-spacer-height\"><\/div><\/div><\/div><\/div><\/div><\/div><\/div><div class=\"fusion-fullwidth fullwidth-box fusion-builder-row-2 fusion-flex-container has-pattern-background has-mask-background hundred-percent-fullwidth non-hundred-percent-height-scrolling\" style=\"--awb-border-radius-top-left:0px;--awb-border-radius-top-right:0px;--awb-border-radius-bottom-right:0px;--awb-border-radius-bottom-left:0px;--awb-padding-top:100px;--awb-padding-bottom:0px;--awb-margin-top:0px;--awb-margin-bottom:0px;--awb-background-color:var(--awb-color2);--awb-flex-wrap:wrap;\" ><div class=\"fusion-builder-row fusion-row fusion-flex-align-items-flex-start fusion-flex-content-wrap\" style=\"width:104% !important;max-width:104% !important;margin-left: calc(-4% \/ 2 );margin-right: calc(-4% \/ 2 );\"><div class=\"fusion-layout-column fusion_builder_column fusion-builder-column-1 fusion_builder_column_1_1 1_1 fusion-flex-column\" style=\"--awb-bg-size:cover;--awb-width-large:100%;--awb-margin-top-large:0px;--awb-spacing-right-large:1.92%;--awb-margin-bottom-large:0px;--awb-spacing-left-large:1.92%;--awb-width-medium:100%;--awb-order-medium:0;--awb-spacing-right-medium:1.92%;--awb-spacing-left-medium:1.92%;--awb-width-small:100%;--awb-order-small:0;--awb-spacing-right-small:1.92%;--awb-spacing-left-small:1.92%;\"><div class=\"fusion-column-wrapper fusion-column-has-shadow fusion-flex-justify-content-flex-start fusion-content-layout-column\"><div class=\"fusion-section-separator section-separator slant fusion-section-separator-2\" style=\"--awb-spacer-height:99px;--awb-svg-margin-left:1.92%;--awb-svg-margin-right:1.92%;--awb-svg-margin-left-medium:1.92%;--awb-svg-margin-right-medium:1.92%;--awb-svg-margin-left-small:1.92%;--awb-svg-margin-right-small:1.92%;--awb-divider-height:99px;--awb-spacer-padding-top:inherit;--awb-sep-padding:0;--awb-svg-padding:0;--awb-svg-tag-margin-bottom:-3px;--awb-sep-svg-display:block;\"><div class=\"fusion-section-separator-svg\"><svg class=\"fusion-slant-candy\" xmlns=\"http:\/\/www.w3.org\/2000\/svg\" version=\"1.1\" width=\"100%\" height=\"100\" viewBox=\"0 0 100 100\" preserveAspectRatio=\"none\" fill=\"rgba(255,255,255,1)\"><path d=\"M0 0 L0 100 L100 100 Z\"><\/path><\/svg><\/div><div class=\"fusion-section-separator-spacer\"><div class=\"fusion-section-separator-spacer-height\"><\/div><\/div><\/div><\/div><\/div><\/div><\/div><div class=\"fusion-fullwidth fullwidth-box fusion-builder-row-3 fusion-flex-container has-pattern-background has-mask-background nonhundred-percent-fullwidth non-hundred-percent-height-scrolling\" style=\"--awb-border-radius-top-left:0px;--awb-border-radius-top-right:0px;--awb-border-radius-bottom-right:0px;--awb-border-radius-bottom-left:0px;--awb-margin-top:-170px;--awb-flex-wrap:wrap;\" ><div class=\"fusion-builder-row fusion-row fusion-flex-align-items-flex-start fusion-flex-content-wrap\" style=\"max-width:1248px;margin-left: calc(-4% \/ 2 );margin-right: calc(-4% \/ 2 );\"><div class=\"fusion-layout-column fusion_builder_column fusion-builder-column-2 fusion_builder_column_1_3 1_3 fusion-flex-column\" style=\"--awb-bg-size:cover;--awb-width-large:33.333333333333%;--awb-margin-top-large:0px;--awb-spacing-right-large:5.76%;--awb-margin-bottom-large:20px;--awb-spacing-left-large:5.76%;--awb-width-medium:33.333333333333%;--awb-order-medium:0;--awb-spacing-right-medium:5.76%;--awb-spacing-left-medium:5.76%;--awb-width-small:100%;--awb-order-small:0;--awb-spacing-right-small:1.92%;--awb-spacing-left-small:1.92%;\"><div class=\"fusion-column-wrapper fusion-column-has-shadow fusion-flex-justify-content-flex-start fusion-content-layout-column\"><div class=\"fusion-text fusion-text-1 fusion-text-no-margin\" style=\"--awb-font-size:32px;--awb-text-color:var(--awb-color8);--awb-margin-bottom:0px;\"><p>WERKEN<\/p>\n<\/div><div class=\"fusion-image-element \" style=\"--awb-caption-title-font-family:var(--h2_typography-font-family);--awb-caption-title-font-weight:var(--h2_typography-font-weight);--awb-caption-title-font-style:var(--h2_typography-font-style);--awb-caption-title-size:var(--h2_typography-font-size);--awb-caption-title-transform:var(--h2_typography-text-transform);--awb-caption-title-line-height:var(--h2_typography-line-height);--awb-caption-title-letter-spacing:var(--h2_typography-letter-spacing);\"><span class=\" fusion-imageframe imageframe-none imageframe-1 hover-type-none\"><img decoding=\"async\" width=\"1080\" height=\"720\" title=\"4_DeHoudtFabriek\" src=\"https:\/\/www.dehoudtfabriek.nl\/wp-content\/uploads\/2024\/06\/4_DeHoudtFabriek.webp\" alt class=\"img-responsive wp-image-105\" srcset=\"https:\/\/www.dehoudtfabriek.nl\/wp-content\/uploads\/2024\/06\/4_DeHoudtFabriek-200x133.webp 200w, https:\/\/www.dehoudtfabriek.nl\/wp-content\/uploads\/2024\/06\/4_DeHoudtFabriek-400x267.webp 400w, https:\/\/www.dehoudtfabriek.nl\/wp-content\/uploads\/2024\/06\/4_DeHoudtFabriek-600x400.webp 600w, https:\/\/www.dehoudtfabriek.nl\/wp-content\/uploads\/2024\/06\/4_DeHoudtFabriek-800x533.webp 800w, https:\/\/www.dehoudtfabriek.nl\/wp-content\/uploads\/2024\/06\/4_DeHoudtFabriek.webp 1080w\" sizes=\"(max-width: 640px) 100vw, 400px\" \/><\/span><\/div><div class=\"fusion-text fusion-text-2\" style=\"--awb-margin-top:20px;\"><p>De Houdtfabriek is d\u00e9 plek waar ondernemers en professionals samenkomen om te groeien en te excelleren. Of je nu een start-up bent of een gevestigd bedrijf, wij bieden de ideale werkplek die aan al jouw behoeften voldoet. Onze moderne, flexibele kantoorruimtes zijn ontworpen om productiviteit te bevorderen, met voorzieningen zoals razendsnel internet, vergaderruimtes en 24\/7 toegang. Bij ons vind je alles wat je nodig hebt om je bedrijf naar een hoger niveau te tillen.<\/p>\n<\/div><\/div><\/div><div class=\"fusion-layout-column fusion_builder_column fusion-builder-column-3 fusion_builder_column_1_3 1_3 fusion-flex-column\" style=\"--awb-bg-size:cover;--awb-width-large:33.333333333333%;--awb-margin-top-large:0px;--awb-spacing-right-large:5.76%;--awb-margin-bottom-large:20px;--awb-spacing-left-large:5.76%;--awb-width-medium:33.333333333333%;--awb-order-medium:0;--awb-spacing-right-medium:5.76%;--awb-spacing-left-medium:5.76%;--awb-width-small:100%;--awb-order-small:0;--awb-spacing-right-small:1.92%;--awb-spacing-left-small:1.92%;\"><div class=\"fusion-column-wrapper fusion-column-has-shadow fusion-flex-justify-content-flex-start fusion-content-layout-column\"><div class=\"fusion-text fusion-text-3 fusion-text-no-margin\" style=\"--awb-font-size:32px;--awb-text-color:var(--awb-color8);--awb-margin-bottom:0px;\"><p>INSPRIREREN<\/p>\n<\/div><div class=\"fusion-image-element \" style=\"--awb-caption-title-font-family:var(--h2_typography-font-family);--awb-caption-title-font-weight:var(--h2_typography-font-weight);--awb-caption-title-font-style:var(--h2_typography-font-style);--awb-caption-title-size:var(--h2_typography-font-size);--awb-caption-title-transform:var(--h2_typography-text-transform);--awb-caption-title-line-height:var(--h2_typography-line-height);--awb-caption-title-letter-spacing:var(--h2_typography-letter-spacing);\"><span class=\" fusion-imageframe imageframe-none imageframe-2 hover-type-none\"><img decoding=\"async\" width=\"1080\" height=\"720\" title=\"8_DeHoudtFabriek\" src=\"https:\/\/www.dehoudtfabriek.nl\/wp-content\/uploads\/2024\/06\/8_DeHoudtFabriek.webp\" alt class=\"img-responsive wp-image-106\" srcset=\"https:\/\/www.dehoudtfabriek.nl\/wp-content\/uploads\/2024\/06\/8_DeHoudtFabriek-200x133.webp 200w, https:\/\/www.dehoudtfabriek.nl\/wp-content\/uploads\/2024\/06\/8_DeHoudtFabriek-400x267.webp 400w, https:\/\/www.dehoudtfabriek.nl\/wp-content\/uploads\/2024\/06\/8_DeHoudtFabriek-600x400.webp 600w, https:\/\/www.dehoudtfabriek.nl\/wp-content\/uploads\/2024\/06\/8_DeHoudtFabriek-800x533.webp 800w, https:\/\/www.dehoudtfabriek.nl\/wp-content\/uploads\/2024\/06\/8_DeHoudtFabriek.webp 1080w\" sizes=\"(max-width: 640px) 100vw, 400px\" \/><\/span><\/div><div class=\"fusion-text fusion-text-4\" style=\"--awb-margin-top:20px;\"><p>Wat De Houdtfabriek echt uniek maakt, is onze inspirerende omgeving. Centraal gelegen en in de buurt van diverse uitvalswegen, bieden wij een dynamische sfeer die creativiteit en innovatie stimuleert. Onze lichte, open ruimtes en stijlvolle inrichting zorgen voor een energieke en motiverende werkplek. Hier vind je niet alleen een kantoor, maar ook een bron van inspiratie die je dagelijkse werkervaring verrijkt.<\/p>\n<\/div><\/div><\/div><div class=\"fusion-layout-column fusion_builder_column fusion-builder-column-4 fusion_builder_column_1_3 1_3 fusion-flex-column\" style=\"--awb-bg-size:cover;--awb-width-large:33.333333333333%;--awb-margin-top-large:0px;--awb-spacing-right-large:5.76%;--awb-margin-bottom-large:20px;--awb-spacing-left-large:5.76%;--awb-width-medium:33.333333333333%;--awb-order-medium:0;--awb-spacing-right-medium:5.76%;--awb-spacing-left-medium:5.76%;--awb-width-small:100%;--awb-order-small:0;--awb-spacing-right-small:1.92%;--awb-spacing-left-small:1.92%;\"><div class=\"fusion-column-wrapper fusion-column-has-shadow fusion-flex-justify-content-flex-start fusion-content-layout-column\"><div class=\"fusion-text fusion-text-5 fusion-text-no-margin\" style=\"--awb-font-size:32px;--awb-text-color:var(--awb-color8);--awb-margin-bottom:0px;\"><p>VERBINDEN<\/p>\n<\/div><div class=\"fusion-image-element \" style=\"--awb-caption-title-font-family:var(--h2_typography-font-family);--awb-caption-title-font-weight:var(--h2_typography-font-weight);--awb-caption-title-font-style:var(--h2_typography-font-style);--awb-caption-title-size:var(--h2_typography-font-size);--awb-caption-title-transform:var(--h2_typography-text-transform);--awb-caption-title-line-height:var(--h2_typography-line-height);--awb-caption-title-letter-spacing:var(--h2_typography-letter-spacing);\"><span class=\" fusion-imageframe imageframe-none imageframe-3 hover-type-none\"><img decoding=\"async\" width=\"1080\" height=\"720\" title=\"6_DeHoudtFabriek\" src=\"https:\/\/www.dehoudtfabriek.nl\/wp-content\/uploads\/2024\/06\/6_DeHoudtFabriek.webp\" alt class=\"img-responsive wp-image-107\" srcset=\"https:\/\/www.dehoudtfabriek.nl\/wp-content\/uploads\/2024\/06\/6_DeHoudtFabriek-200x133.webp 200w, https:\/\/www.dehoudtfabriek.nl\/wp-content\/uploads\/2024\/06\/6_DeHoudtFabriek-400x267.webp 400w, https:\/\/www.dehoudtfabriek.nl\/wp-content\/uploads\/2024\/06\/6_DeHoudtFabriek-600x400.webp 600w, https:\/\/www.dehoudtfabriek.nl\/wp-content\/uploads\/2024\/06\/6_DeHoudtFabriek-800x533.webp 800w, https:\/\/www.dehoudtfabriek.nl\/wp-content\/uploads\/2024\/06\/6_DeHoudtFabriek.webp 1080w\" sizes=\"(max-width: 640px) 100vw, 400px\" \/><\/span><\/div><div class=\"fusion-text fusion-text-6\" style=\"--awb-margin-top:20px;\"><p>Bij De Houdtfabriek draait het niet alleen om werkplekken, maar ook om verbindingen. Gelijkgestemde professionals en ondernemers in \u00e9\u00e9n gebouw. De open structuur maakt het gemakkelijk om contacten te leggen, idee\u00ebn uit te wisselen en samenwerkingskansen te ontdekken. Hier bouw je niet alleen aan je bedrijf, maar ook aan waardevolle relaties die je professioneel en persoonlijk verder brengen. Uiteraard zijn alle ruimtes wel af te sluiten zodat en bieden ze dus privacy wanneer jij dat nodig hebt.<\/p>\n<\/div><\/div><\/div><\/div><\/div><\/p>\n","protected":false},"excerpt":{"rendered":"","protected":false},"author":1,"featured_media":0,"parent":0,"menu_order":0,"comment_status":"closed","ping_status":"closed","template":"100-width.php","meta":{"footnotes":""},"class_list":["post-9","page","type-page","status-publish","hentry"],"_links":{"self":[{"href":"https:\/\/www.dehoudtfabriek.nl\/index.php\/wp-json\/wp\/v2\/pages\/9","targetHints":{"allow":["GET"]}}],"collection":[{"href":"https:\/\/www.dehoudtfabriek.nl\/index.php\/wp-json\/wp\/v2\/pages"}],"about":[{"href":"https:\/\/www.dehoudtfabriek.nl\/index.php\/wp-json\/wp\/v2\/types\/page"}],"author":[{"embeddable":true,"href":"https:\/\/www.dehoudtfabriek.nl\/index.php\/wp-json\/wp\/v2\/users\/1"}],"replies":[{"embeddable":true,"href":"https:\/\/www.dehoudtfabriek.nl\/index.php\/wp-json\/wp\/v2\/comments?post=9"}],"version-history":[{"count":5,"href":"https:\/\/www.dehoudtfabriek.nl\/index.php\/wp-json\/wp\/v2\/pages\/9\/revisions"}],"predecessor-version":[{"id":119,"href":"https:\/\/www.dehoudtfabriek.nl\/index.php\/wp-json\/wp\/v2\/pages\/9\/revisions\/119"}],"wp:attachment":[{"href":"https:\/\/www.dehoudtfabriek.nl\/index.php\/wp-json\/wp\/v2\/media?parent=9"}],"curies":[{"name":"wp","href":"https:\/\/api.w.org\/{rel}","templated":true}]}}